{"id":416,"date":"2026-05-02T12:41:49","date_gmt":"2026-05-02T12:41:49","guid":{"rendered":"https:\/\/poieo.tech\/?page_id=416"},"modified":"2026-05-03T12:28:18","modified_gmt":"2026-05-03T12:28:18","slug":"sobriete-numerique","status":"publish","type":"page","link":"https:\/\/poieo.tech\/index.php\/sobriete-numerique\/","title":{"rendered":"Sobri\u00e9t\u00e9 num\u00e9rique : r\u00e9duisez vos co\u00fbts IT | Poieo"},"content":{"rendered":"<p>[et_pb_section fb_built=\u00a0\u00bb1&Prime; admin_label=\u00a0\u00bbHeader\u00a0\u00bb _builder_version=\u00a0\u00bb4.27.5&Prime; _module_preset=\u00a0\u00bbdefault\u00a0\u00bb background_enable_color=\u00a0\u00bboff\u00a0\u00bb background_image=\u00a0\u00bbhttp:\/\/poieo.tech\/wp-content\/uploads\/2026\/05\/Poieo-02-2026-v4.jpg\u00a0\u00bb background_position=\u00a0\u00bbtop_center\u00a0\u00bb background_repeat=\u00a0\u00bbrepeat\u00a0\u00bb custom_padding=\u00a0\u00bb164px||26px||false|false\u00a0\u00bb collapsed=\u00a0\u00bbon\u00a0\u00bb global_colors_info=\u00a0\u00bb{}\u00a0\u00bb][et_pb_row _builder_version=\u00a0\u00bb4.21.0&Prime; _module_preset=\u00a0\u00bbdefault\u00a0\u00bb global_colors_info=\u00a0\u00bb{}\u00a0\u00bb][et_pb_column type=\u00a0\u00bb4_4&Prime; _builder_version=\u00a0\u00bb4.21.0&Prime; _module_preset=\u00a0\u00bbdefault\u00a0\u00bb global_colors_info=\u00a0\u00bb{}\u00a0\u00bb][et_pb_text _builder_version=\u00a0\u00bb4.27.5&Prime; _module_preset=\u00a0\u00bbbba05b2e-8f2d-47d8-99d2-75324b944645&Prime; header_text_color=\u00a0\u00bb#E0A348&Prime; header_font_size=\u00a0\u00bb50px\u00a0\u00bb text_orientation=\u00a0\u00bbcenter\u00a0\u00bb custom_margin=\u00a0\u00bb-163px||-10px||false|false\u00a0\u00bb custom_padding=\u00a0\u00bb1px|||||\u00a0\u00bb global_colors_info=\u00a0\u00bb{}\u00a0\u00bb]<\/p>\n<h1>Sobri\u00e9t\u00e9 num\u00e9rique<\/h1>\n<p>[\/et_pb_text][et_pb_text admin_label=\u00a0\u00bbTittle\u00a0\u00bb _builder_version=\u00a0\u00bb4.27.5&Prime; _module_preset=\u00a0\u00bb8de03cee-3d3e-49cb-a573-24d9b6e8a5b2&Prime; text_font=\u00a0\u00bbOswald||||||||\u00a0\u00bb text_text_color=\u00a0\u00bb#FFFFFF\u00a0\u00bb text_font_size=\u00a0\u00bb18px\u00a0\u00bb text_line_height=\u00a0\u00bb1.3em\u00a0\u00bb header_font=\u00a0\u00bb||||||||\u00a0\u00bb header_2_font=\u00a0\u00bbOswald|600||on|||||\u00a0\u00bb header_2_text_color=\u00a0\u00bb#0099A0&Prime; header_3_font=\u00a0\u00bb||||||||\u00a0\u00bb text_orientation=\u00a0\u00bbcenter\u00a0\u00bb width=\u00a0\u00bb100%\u00a0\u00bb max_width_last_edited=\u00a0\u00bboff|desktop\u00a0\u00bb custom_margin=\u00a0\u00bb30px||39px||false|false\u00a0\u00bb custom_padding=\u00a0\u00bb|117px||117px|false|true\u00a0\u00bb global_colors_info=\u00a0\u00bb{}\u00a0\u00bb]R\u00e9duisez votre empreinte num\u00e9rique tout en gardant un syst\u00e8me d\u2019information performant, utile et ma\u00eetris\u00e9. La sobri\u00e9t\u00e9 num\u00e9rique ne consiste pas \u00e0 freiner l\u2019activit\u00e9 ou \u00e0 renoncer aux bons outils.<\/p>\n<p>Elle consiste \u00e0 faire mieux avec moins : moins d\u2019outils redondants, moins de d\u00e9penses inutiles, moins de donn\u00e9es dispers\u00e9es, moins de d\u00e9pendance technique, moins de consommation \u00e9nerg\u00e9tique.<\/p>\n<p>Poieo Technologie accompagne les PME, PMI, industriels, professions lib\u00e9rales et collectivit\u00e9s dans l\u2019optimisation de leur environnement num\u00e9rique. Notre r\u00f4le : analyser vos outils, simplifier votre syst\u00e8me d\u2019information, r\u00e9duire les gaspillages num\u00e9riques et construire une organisation informatique plus lisible, plus efficace et plus durable.[\/et_pb_text][et_pb_button button_url=\u00a0\u00bb#\u00a0\u00bb button_text=\u00a0\u00bbDemander un diagnostic informatique avec un DSI externalis\u00e9\u00a0\u00bb button_alignment=\u00a0\u00bbcenter\u00a0\u00bb _builder_version=\u00a0\u00bb4.27.5&Prime; _module_preset=\u00a0\u00bb7b7a0945-c081-4d77-a341-a3e0be77023d\u00a0\u00bb button_text_size=\u00a0\u00bb12px\u00a0\u00bb button_bg_color=\u00a0\u00bb#002E37&Prime; button_border_color=\u00a0\u00bb#002E37&Prime; custom_margin=\u00a0\u00bb1px|||||\u00a0\u00bb global_colors_info=\u00a0\u00bb{%22gcid-b247d7e9-2bbc-48fc-81a8-3cd1da3da572%22:%91%22button_bg_color%22%93,%22gcid-cda4471f-892e-4743-849d-2cb3737a1499%22:%91%22button_bg_color__hover%22,%22button_border_color__hover%22,%22button_bg_color__hover%22,%22button_border_color__hover%22,%22button_bg_color__hover%22,%22button_border_color__hover%22,%22button_bg_color__hover%22,%22button_border_color__hover%22%93}\u00a0\u00bb][\/et_pb_button][\/et_pb_column][\/et_pb_row][\/et_pb_section][et_pb_section fb_built=\u00a0\u00bb1&Prime; admin_label=\u00a0\u00bbAbout\u00a0\u00bb _builder_version=\u00a0\u00bb4.21.0&Prime; _module_preset=\u00a0\u00bbdefault\u00a0\u00bb background_color_gradient_direction=\u00a0\u00bb90deg\u00a0\u00bb custom_padding=\u00a0\u00bb0px||0px||true|false\u00a0\u00bb locked=\u00a0\u00bboff\u00a0\u00bb collapsed=\u00a0\u00bbon\u00a0\u00bb global_colors_info=\u00a0\u00bb{}\u00a0\u00bb][et_pb_row column_structure=\u00a0\u00bb1_2,1_2&Prime; use_custom_gutter=\u00a0\u00bbon\u00a0\u00bb gutter_width=\u00a0\u00bb1&Prime; make_equal=\u00a0\u00bbon\u00a0\u00bb admin_label=\u00a0\u00bbBest Beans Row\u00a0\u00bb module_class=\u00a0\u00bb et_pb_row_fullwidth\u00a0\u00bb _builder_version=\u00a0\u00bb4.27.5&Prime; _module_preset=\u00a0\u00bbdefault\u00a0\u00bb width=\u00a0\u00bb100%\u00a0\u00bb max_width=\u00a0\u00bbnone\u00a0\u00bb custom_margin=\u00a0\u00bb|||\u00a0\u00bb custom_padding=\u00a0\u00bb0px||0px||false|false\u00a0\u00bb make_fullwidth=\u00a0\u00bbon\u00a0\u00bb global_colors_info=\u00a0\u00bb{}\u00a0\u00bb][et_pb_column type=\u00a0\u00bb1_2&Prime; _builder_version=\u00a0\u00bb4.27.5&Prime; _module_preset=\u00a0\u00bbdefault\u00a0\u00bb background_image=\u00a0\u00bbhttp:\/\/poieo.tech\/wp-content\/uploads\/2026\/05\/offre-sobriete-numerique-01.jpg\u00a0\u00bb background_position=\u00a0\u00bbtop_center\u00a0\u00bb custom_padding=\u00a0\u00bb|||\u00a0\u00bb global_colors_info=\u00a0\u00bb{}\u00a0\u00bb custom_padding__hover=\u00a0\u00bb|||\u00a0\u00bb][\/et_pb_column][et_pb_column type=\u00a0\u00bb1_2&Prime; _builder_version=\u00a0\u00bb4.27.5&Prime; _module_preset=\u00a0\u00bbdefault\u00a0\u00bb background_color=\u00a0\u00bb#002E37&Prime; custom_padding=\u00a0\u00bb8%|8%|8%|8%|true|true\u00a0\u00bb global_colors_info=\u00a0\u00bb{}\u00a0\u00bb custom_padding__hover=\u00a0\u00bb|||\u00a0\u00bb][et_pb_text _builder_version=\u00a0\u00bb4.27.5&Prime; _module_preset=\u00a0\u00bb8de03cee-3d3e-49cb-a573-24d9b6e8a5b2&Prime; header_2_text_color=\u00a0\u00bb#E0A348&Prime; custom_margin=\u00a0\u00bb||10px||false|false\u00a0\u00bb global_colors_info=\u00a0\u00bb{}\u00a0\u00bb]<\/p>\n<h2>Une sobri\u00e9t\u00e9 num\u00e9rique concr\u00e8te, mesurable et adapt\u00e9e \u00e0 votre activit\u00e9<\/h2>\n<p>[\/et_pb_text][et_pb_text _builder_version=\u00a0\u00bb4.27.5&Prime; _module_preset=\u00a0\u00bb98ba484a-bcd2-424e-8fc4-20216a2903c9&Prime; text_font=\u00a0\u00bbOswald|300|||||||\u00a0\u00bb text_text_color=\u00a0\u00bb#9D9D9C\u00a0\u00bb text_font_size=\u00a0\u00bb16px\u00a0\u00bb custom_margin=\u00a0\u00bb||||false|false\u00a0\u00bb global_colors_info=\u00a0\u00bb{}\u00a0\u00bb]<\/p>\n<p>Poieo Technologie ne traite pas la sobri\u00e9t\u00e9 num\u00e9rique comme un discours \u00e9cologique abstrait.<\/p>\n<p>Nous partons de votre r\u00e9alit\u00e9 : outils en place, usages, co\u00fbts, donn\u00e9es, \u00e9quipements, prestataires, s\u00e9curit\u00e9, contraintes m\u00e9tier et objectifs de d\u00e9veloppement.<\/p>\n<p>Missions possibles :<\/p>\n<ul>\n<li>Audit de vos outils num\u00e9riques<\/li>\n<li>Analyse des logiciels et abonnements en place<\/li>\n<li>Identification des outils redondants<\/li>\n<li>\u00c9tude des usages r\u00e9els par les \u00e9quipes<\/li>\n<li>Optimisation du stockage des donn\u00e9es<\/li>\n<li>Rationalisation des infrastructures<\/li>\n<li>R\u00e9duction des co\u00fbts informatiques inutiles<\/li>\n<li>Analyse de la consommation num\u00e9rique<\/li>\n<li>Optimisation des performances syst\u00e8me<\/li>\n<li>Conseil sur les \u00e9quipements et cycles de renouvellement<\/li>\n<li>Mise en coh\u00e9rence des outils m\u00e9tiers<\/li>\n<li>Migration vers des solutions plus sobres ou plus souveraines<\/li>\n<li>Pilotage des prestataires<\/li>\n<li>D\u00e9finition d\u2019une feuille de route num\u00e9rique responsable<\/li>\n<li>Suivi des gains dans la dur\u00e9e<\/li>\n<\/ul>\n<p>Poieo vous aide \u00e0 r\u00e9duire la complexit\u00e9 num\u00e9rique sans fragiliser votre organisation.<\/p>\n<p>[\/et_pb_text][\/et_pb_column][\/et_pb_row][\/et_pb_section][et_pb_section fb_built=\u00a0\u00bb1&Prime; admin_label=\u00a0\u00bbVideo\u00a0\u00bb _builder_version=\u00a0\u00bb4.27.5&Prime; _module_preset=\u00a0\u00bbdefault\u00a0\u00bb background_color=\u00a0\u00bb#002E37&Prime; custom_margin=\u00a0\u00bb0px|||||\u00a0\u00bb custom_padding=\u00a0\u00bb2px||4px|||\u00a0\u00bb saved_tabs=\u00a0\u00bball\u00a0\u00bb collapsed=\u00a0\u00bbon\u00a0\u00bb global_colors_info=\u00a0\u00bb{}\u00a0\u00bb][et_pb_row admin_label=\u00a0\u00bbVideo Row\u00a0\u00bb _builder_version=\u00a0\u00bb4.27.5&Prime; _module_preset=\u00a0\u00bbdefault\u00a0\u00bb width=\u00a0\u00bb100%\u00a0\u00bb custom_margin=\u00a0\u00bb-2px|auto||auto||\u00a0\u00bb custom_padding=\u00a0\u00bb0px||7px|||\u00a0\u00bb global_colors_info=\u00a0\u00bb{}\u00a0\u00bb][et_pb_column type=\u00a0\u00bb4_4&Prime; _builder_version=\u00a0\u00bb4.27.5&Prime; _module_preset=\u00a0\u00bbdefault\u00a0\u00bb custom_padding=\u00a0\u00bb|||\u00a0\u00bb global_colors_info=\u00a0\u00bb{}\u00a0\u00bb custom_padding__hover=\u00a0\u00bb|||\u00a0\u00bb][et_pb_text admin_label=\u00a0\u00bbTittle\u00a0\u00bb _builder_version=\u00a0\u00bb4.27.5&Prime; _module_preset=\u00a0\u00bb8de03cee-3d3e-49cb-a573-24d9b6e8a5b2&Prime; header_2_text_color=\u00a0\u00bb#E0A348&Prime; header_2_font_size=\u00a0\u00bb35px\u00a0\u00bb text_orientation=\u00a0\u00bbcenter\u00a0\u00bb custom_margin=\u00a0\u00bb17px||17px||false|false\u00a0\u00bb custom_padding=\u00a0\u00bb28px|||||\u00a0\u00bb global_colors_info=\u00a0\u00bb{}\u00a0\u00bb]<\/p>\n<h2>Nous rep\u00e9rons les outils inutiles, les doublons, les co\u00fbts cach\u00e9s et les usages mal cadr\u00e9s.<\/h2>\n<p>[\/et_pb_text][\/et_pb_column][\/et_pb_row][\/et_pb_section][et_pb_section fb_built=\u00a0\u00bb1&Prime; admin_label=\u00a0\u00bbAbout\u00a0\u00bb _builder_version=\u00a0\u00bb4.21.0&Prime; _module_preset=\u00a0\u00bbdefault\u00a0\u00bb background_color_gradient_direction=\u00a0\u00bb90deg\u00a0\u00bb custom_padding=\u00a0\u00bb0px||0px||true|false\u00a0\u00bb collapsed=\u00a0\u00bbon\u00a0\u00bb global_colors_info=\u00a0\u00bb{}\u00a0\u00bb][et_pb_row column_structure=\u00a0\u00bb1_2,1_2&Prime; use_custom_gutter=\u00a0\u00bbon\u00a0\u00bb gutter_width=\u00a0\u00bb1&Prime; make_equal=\u00a0\u00bbon\u00a0\u00bb admin_label=\u00a0\u00bbBest Beans Row\u00a0\u00bb module_class=\u00a0\u00bb et_pb_row_fullwidth\u00a0\u00bb _builder_version=\u00a0\u00bb4.27.5&Prime; _module_preset=\u00a0\u00bbdefault\u00a0\u00bb width=\u00a0\u00bb100%\u00a0\u00bb max_width=\u00a0\u00bbnone\u00a0\u00bb custom_margin=\u00a0\u00bb|||\u00a0\u00bb custom_padding=\u00a0\u00bb0px||0px||false|false\u00a0\u00bb make_fullwidth=\u00a0\u00bbon\u00a0\u00bb global_colors_info=\u00a0\u00bb{}\u00a0\u00bb][et_pb_column type=\u00a0\u00bb1_2&Prime; _builder_version=\u00a0\u00bb4.27.5&Prime; _module_preset=\u00a0\u00bbdefault\u00a0\u00bb custom_padding=\u00a0\u00bb8%|4%|8%|4%|true|true\u00a0\u00bb global_colors_info=\u00a0\u00bb{}\u00a0\u00bb custom_padding__hover=\u00a0\u00bb|||\u00a0\u00bb][et_pb_text _builder_version=\u00a0\u00bb4.27.5&Prime; _module_preset=\u00a0\u00bb8de03cee-3d3e-49cb-a573-24d9b6e8a5b2&Prime; header_2_text_color=\u00a0\u00bb#E0A348&Prime; custom_margin=\u00a0\u00bb-48px||10px||false|false\u00a0\u00bb global_colors_info=\u00a0\u00bb{}\u00a0\u00bb]<\/p>\n<h2>Simplifier votre syst\u00e8me d\u2019information renforce aussi votre s\u00e9curit\u00e9<\/h2>\n<p>[\/et_pb_text][et_pb_text _builder_version=\u00a0\u00bb4.27.5&Prime; _module_preset=\u00a0\u00bb98ba484a-bcd2-424e-8fc4-20216a2903c9&Prime; text_font=\u00a0\u00bbOswald||||||||\u00a0\u00bb text_text_color=\u00a0\u00bb#002E37&Prime; text_font_size=\u00a0\u00bb17px\u00a0\u00bb custom_margin=\u00a0\u00bb||||false|false\u00a0\u00bb hover_enabled=\u00a0\u00bb0&Prime; global_colors_info=\u00a0\u00bb{}\u00a0\u00bb sticky_enabled=\u00a0\u00bb0&Prime;]<\/p>\n<p>Un environnement num\u00e9rique trop dispers\u00e9 devient difficile \u00e0 s\u00e9curiser.<\/p>\n<p>Plus il y a d\u2019outils, d\u2019acc\u00e8s, de prestataires, de donn\u00e9es et de plateformes, plus le pilotage devient fragile.<\/p>\n<p>La sobri\u00e9t\u00e9 num\u00e9rique aide \u00e0 r\u00e9duire les zones d\u2019incertitude.<\/p>\n<p>Elle facilite le contr\u00f4le des acc\u00e8s, la gestion des donn\u00e9es, la coordination des prestataires, la sauvegarde, la maintenance et la conformit\u00e9.<\/p>\n<p>Poieo Technologie relie cette d\u00e9marche aux enjeux de cybers\u00e9curit\u00e9 et de souverainet\u00e9 num\u00e9rique.<\/p>\n<p>Objectif : r\u00e9duire l\u2019empreinte num\u00e9rique tout en renfor\u00e7ant la ma\u00eetrise de votre syst\u00e8me d\u2019information.<\/p>\n<p>[\/et_pb_text][\/et_pb_column][et_pb_column type=\u00a0\u00bb1_2&Prime; _builder_version=\u00a0\u00bb4.27.5&Prime; _module_preset=\u00a0\u00bbdefault\u00a0\u00bb background_image=\u00a0\u00bbhttp:\/\/poieo.tech\/wp-content\/uploads\/2026\/05\/offre-sobriete-numerique-02.jpg\u00a0\u00bb custom_padding=\u00a0\u00bb|||\u00a0\u00bb global_colors_info=\u00a0\u00bb{}\u00a0\u00bb custom_padding__hover=\u00a0\u00bb|||\u00a0\u00bb][\/et_pb_column][\/et_pb_row][\/et_pb_section][et_pb_section fb_built=\u00a0\u00bb1&Prime; admin_label=\u00a0\u00bbVideo\u00a0\u00bb _builder_version=\u00a0\u00bb4.27.5&Prime; _module_preset=\u00a0\u00bbdefault\u00a0\u00bb background_color=\u00a0\u00bb#002E37&Prime; custom_padding=\u00a0\u00bb6px||0px||false|false\u00a0\u00bb saved_tabs=\u00a0\u00bball\u00a0\u00bb locked=\u00a0\u00bboff\u00a0\u00bb collapsed=\u00a0\u00bbon\u00a0\u00bb global_colors_info=\u00a0\u00bb{}\u00a0\u00bb][et_pb_row admin_label=\u00a0\u00bbVideo Row\u00a0\u00bb _builder_version=\u00a0\u00bb4.27.5&Prime; _module_preset=\u00a0\u00bbdefault\u00a0\u00bb max_width=\u00a0\u00bb915px\u00a0\u00bb custom_padding=\u00a0\u00bb|||\u00a0\u00bb global_colors_info=\u00a0\u00bb{}\u00a0\u00bb][et_pb_column type=\u00a0\u00bb4_4&Prime; _builder_version=\u00a0\u00bb4.16&Prime; _module_preset=\u00a0\u00bbdefault\u00a0\u00bb custom_padding=\u00a0\u00bb|||\u00a0\u00bb global_colors_info=\u00a0\u00bb{}\u00a0\u00bb custom_padding__hover=\u00a0\u00bb|||\u00a0\u00bb][et_pb_text admin_label=\u00a0\u00bbTittle\u00a0\u00bb _builder_version=\u00a0\u00bb4.27.5&Prime; _module_preset=\u00a0\u00bb8de03cee-3d3e-49cb-a573-24d9b6e8a5b2&Prime; header_2_text_color=\u00a0\u00bb#E0A348&Prime; header_2_font_size=\u00a0\u00bb35px\u00a0\u00bb text_orientation=\u00a0\u00bbcenter\u00a0\u00bb custom_margin=\u00a0\u00bb||10px||false|false\u00a0\u00bb global_colors_info=\u00a0\u00bb{}\u00a0\u00bb]<\/p>\n<h2>La sobri\u00e9t\u00e9 num\u00e9rique apporte de la valeur quand elle r\u00e9duit la complexit\u00e9, les co\u00fbts et les risques, sans r\u00e9duire la qualit\u00e9 de service.<\/h2>\n<p>[\/et_pb_text][\/et_pb_column][\/et_pb_row][\/et_pb_section][et_pb_section fb_built=\u00a0\u00bb1&Prime; admin_label=\u00a0\u00bbCall to Action\u00a0\u00bb _builder_version=\u00a0\u00bb4.27.5&Prime; _module_preset=\u00a0\u00bbdefault\u00a0\u00bb use_background_color_gradient=\u00a0\u00bbon\u00a0\u00bb background_color_gradient_direction=\u00a0\u00bb90deg\u00a0\u00bb background_color_gradient_stops=\u00a0\u00bbrgba(255,255,255,0) 5mm|rgba(255,255,255,0.85) 99mm\u00a0\u00bb background_color_gradient_unit=\u00a0\u00bbmm\u00a0\u00bb background_color_gradient_overlays_image=\u00a0\u00bbon\u00a0\u00bb background_image=\u00a0\u00bbhttp:\/\/poieo.tech\/wp-content\/uploads\/2026\/05\/Poieo-mission.jpg\u00a0\u00bb custom_margin=\u00a0\u00bb|||\u00a0\u00bb custom_padding=\u00a0\u00bb1vw||1vw||true|false\u00a0\u00bb background_last_edited=\u00a0\u00bbon|tablet\u00a0\u00bb use_background_color_gradient_tablet=\u00a0\u00bbon\u00a0\u00bb background_color_gradient_type_tablet=\u00a0\u00bbcircular\u00a0\u00bb background_color_gradient_direction_radial_tablet=\u00a0\u00bbbottom left\u00a0\u00bb background_color_gradient_stops_tablet=\u00a0\u00bbrgba(255,255,255,0.8) 40%|rgba(255,255,255,0) 100%\u00a0\u00bb background_color_gradient_overlays_image_tablet=\u00a0\u00bbon\u00a0\u00bb collapsed=\u00a0\u00bbon\u00a0\u00bb global_colors_info=\u00a0\u00bb{}\u00a0\u00bb][et_pb_row column_structure=\u00a0\u00bb1_2,1_2&Prime; module_class=\u00a0\u00bb et_pb_row_fullwidth\u00a0\u00bb _builder_version=\u00a0\u00bb4.21.0&Prime; _module_preset=\u00a0\u00bbdefault\u00a0\u00bb make_fullwidth=\u00a0\u00bbon\u00a0\u00bb global_colors_info=\u00a0\u00bb{}\u00a0\u00bb][et_pb_column type=\u00a0\u00bb1_2&Prime; _builder_version=\u00a0\u00bb4.16&Prime; _module_preset=\u00a0\u00bbdefault\u00a0\u00bb custom_padding=\u00a0\u00bb|||\u00a0\u00bb global_colors_info=\u00a0\u00bb{}\u00a0\u00bb custom_padding__hover=\u00a0\u00bb|||\u00a0\u00bb][\/et_pb_column][et_pb_column type=\u00a0\u00bb1_2&Prime; _builder_version=\u00a0\u00bb4.16&Prime; _module_preset=\u00a0\u00bbdefault\u00a0\u00bb custom_padding=\u00a0\u00bb|||\u00a0\u00bb global_colors_info=\u00a0\u00bb{}\u00a0\u00bb custom_padding__hover=\u00a0\u00bb|||\u00a0\u00bb][et_pb_text _builder_version=\u00a0\u00bb4.27.5&Prime; _module_preset=\u00a0\u00bb8de03cee-3d3e-49cb-a573-24d9b6e8a5b2&Prime; header_2_text_color=\u00a0\u00bb#E0A348&Prime; custom_margin=\u00a0\u00bb||10px||false|false\u00a0\u00bb global_colors_info=\u00a0\u00bb{}\u00a0\u00bb]<\/p>\n<h2>Un num\u00e9rique plus sobre doit aussi \u00eatre plus performant<\/h2>\n<p>[\/et_pb_text][et_pb_text _builder_version=\u00a0\u00bb4.27.5&Prime; _module_preset=\u00a0\u00bb98ba484a-bcd2-424e-8fc4-20216a2903c9&Prime; text_font=\u00a0\u00bbOswald|300|||||||\u00a0\u00bb text_text_color=\u00a0\u00bb#002E37&Prime; text_font_size=\u00a0\u00bb17px\u00a0\u00bb custom_margin=\u00a0\u00bb||30px||false|false\u00a0\u00bb locked=\u00a0\u00bboff\u00a0\u00bb global_colors_info=\u00a0\u00bb{}\u00a0\u00bb]La sobri\u00e9t\u00e9 num\u00e9rique n\u2019a de sens que si elle soutient l\u2019activit\u00e9.<\/p>\n<p>Un syst\u00e8me plus sobre doit rester fiable, s\u00e9curis\u00e9, rapide et adapt\u00e9 aux usages des \u00e9quipes.<\/p>\n<p>Poieo Technologie relie chaque action \u00e0 un objectif op\u00e9rationnel : gain de temps, r\u00e9duction des co\u00fbts, meilleure s\u00e9curit\u00e9, meilleure lisibilit\u00e9, meilleure continuit\u00e9 d\u2019activit\u00e9.<\/p>\n<p>L\u2019enjeu n\u2019est pas de faire moins d\u2019informatique.<\/p>\n<p>L\u2019enjeu est de faire une informatique plus utile, plus propre, mieux pilot\u00e9e et mieux align\u00e9e avec vos besoins.[\/et_pb_text][\/et_pb_column][\/et_pb_row][\/et_pb_section]<\/p>\n","protected":false},"excerpt":{"rendered":"<p>Sobri\u00e9t\u00e9 num\u00e9riqueR\u00e9duisez votre empreinte num\u00e9rique tout en gardant un syst\u00e8me d\u2019information performant, utile et ma\u00eetris\u00e9. La sobri\u00e9t\u00e9 num\u00e9rique ne consiste pas \u00e0 freiner l\u2019activit\u00e9 ou \u00e0 renoncer aux bons outils. Elle consiste \u00e0 faire mieux avec moins : moins d\u2019outils redondants, moins de d\u00e9penses inutiles, moins de donn\u00e9es dispers\u00e9es, moins de d\u00e9pendance technique, moins de [&hellip;]<\/p>\n","protected":false},"author":2,"featured_media":0,"parent":0,"menu_order":0,"comment_status":"closed","ping_status":"closed","template":"","meta":{"_et_pb_use_builder":"on","_et_pb_old_content":"","_et_gb_content_width":"","om_disable_all_campaigns":false,"_monsterinsights_skip_tracking":false,"_monsterinsights_sitenote_active":false,"_monsterinsights_sitenote_note":"","_monsterinsights_sitenote_category":0,"footnotes":""},"class_list":["post-416","page","type-page","status-publish","hentry"],"aioseo_notices":[],"_links":{"self":[{"href":"https:\/\/poieo.tech\/index.php\/wp-json\/wp\/v2\/pages\/416","targetHints":{"allow":["GET"]}}],"collection":[{"href":"https:\/\/poieo.tech\/index.php\/wp-json\/wp\/v2\/pages"}],"about":[{"href":"https:\/\/poieo.tech\/index.php\/wp-json\/wp\/v2\/types\/page"}],"author":[{"embeddable":true,"href":"https:\/\/poieo.tech\/index.php\/wp-json\/wp\/v2\/users\/2"}],"replies":[{"embeddable":true,"href":"https:\/\/poieo.tech\/index.php\/wp-json\/wp\/v2\/comments?post=416"}],"version-history":[{"count":17,"href":"https:\/\/poieo.tech\/index.php\/wp-json\/wp\/v2\/pages\/416\/revisions"}],"predecessor-version":[{"id":464,"href":"https:\/\/poieo.tech\/index.php\/wp-json\/wp\/v2\/pages\/416\/revisions\/464"}],"wp:attachment":[{"href":"https:\/\/poieo.tech\/index.php\/wp-json\/wp\/v2\/media?parent=416"}],"curies":[{"name":"wp","href":"https:\/\/api.w.org\/{rel}","templated":true}]}}